{"id":646,"date":"2024-08-08T10:43:27","date_gmt":"2024-08-08T08:43:27","guid":{"rendered":"https:\/\/capeki.fr\/?page_id=646"},"modified":"2025-08-04T19:58:03","modified_gmt":"2025-08-04T17:58:03","slug":"elementor-page-646","status":"publish","type":"page","link":"https:\/\/capeki.fr\/index.php\/elementor-page-646\/","title":{"rendered":"Articles"},"content":{"rendered":"\t\t<div data-elementor-type=\"wp-page\" data-elementor-id=\"646\" class=\"elementor elementor-646\" data-elementor-post-type=\"page\">\n\t\t\t\t<div class=\"elementor-element elementor-element-be87078 e-flex e-con-boxed e-con e-parent\" data-id=\"be87078\" data-element_type=\"container\">\n\t\t\t\t\t<div class=\"e-con-inner\">\n\t\t\t\t<div class=\"elementor-element elementor-element-aee9ba1 elementor-widget-divider--view-line elementor-widget elementor-widget-divider\" data-id=\"aee9ba1\" data-element_type=\"widget\" data-widget_type=\"divider.default\">\n\t\t\t\t<div class=\"elementor-widget-container\">\n\t\t\t<style>\/*! elementor - v3.23.0 - 05-08-2024 *\/\n.elementor-widget-divider{--divider-border-style:none;--divider-border-width:1px;--divider-color:#0c0d0e;--divider-icon-size:20px;--divider-element-spacing:10px;--divider-pattern-height:24px;--divider-pattern-size:20px;--divider-pattern-url:none;--divider-pattern-repeat:repeat-x}.elementor-widget-divider .elementor-divider{display:flex}.elementor-widget-divider .elementor-divider__text{font-size:15px;line-height:1;max-width:95%}.elementor-widget-divider .elementor-divider__element{margin:0 var(--divider-element-spacing);flex-shrink:0}.elementor-widget-divider .elementor-icon{font-size:var(--divider-icon-size)}.elementor-widget-divider .elementor-divider-separator{display:flex;margin:0;direction:ltr}.elementor-widget-divider--view-line_icon .elementor-divider-separator,.elementor-widget-divider--view-line_text .elementor-divider-separator{align-items:center}.elementor-widget-divider--view-line_icon .elementor-divider-separator:after,.elementor-widget-divider--view-line_icon .elementor-divider-separator:before,.elementor-widget-divider--view-line_text .elementor-divider-separator:after,.elementor-widget-divider--view-line_text .elementor-divider-separator:before{display:block;content:\"\";border-block-end:0;flex-grow:1;border-block-start:var(--divider-border-width) var(--divider-border-style) var(--divider-color)}.elementor-widget-divider--element-align-left .elementor-divider .elementor-divider-separator>.elementor-divider__svg:first-of-type{flex-grow:0;flex-shrink:100}.elementor-widget-divider--element-align-left .elementor-divider-separator:before{content:none}.elementor-widget-divider--element-align-left .elementor-divider__element{margin-left:0}.elementor-widget-divider--element-align-right .elementor-divider .elementor-divider-separator>.elementor-divider__svg:last-of-type{flex-grow:0;flex-shrink:100}.elementor-widget-divider--element-align-right .elementor-divider-separator:after{content:none}.elementor-widget-divider--element-align-right .elementor-divider__element{margin-right:0}.elementor-widget-divider--element-align-start .elementor-divider .elementor-divider-separator>.elementor-divider__svg:first-of-type{flex-grow:0;flex-shrink:100}.elementor-widget-divider--element-align-start .elementor-divider-separator:before{content:none}.elementor-widget-divider--element-align-start .elementor-divider__element{margin-inline-start:0}.elementor-widget-divider--element-align-end .elementor-divider .elementor-divider-separator>.elementor-divider__svg:last-of-type{flex-grow:0;flex-shrink:100}.elementor-widget-divider--element-align-end .elementor-divider-separator:after{content:none}.elementor-widget-divider--element-align-end .elementor-divider__element{margin-inline-end:0}.elementor-widget-divider:not(.elementor-widget-divider--view-line_text):not(.elementor-widget-divider--view-line_icon) .elementor-divider-separator{border-block-start:var(--divider-border-width) var(--divider-border-style) var(--divider-color)}.elementor-widget-divider--separator-type-pattern{--divider-border-style:none}.elementor-widget-divider--separator-type-pattern.elementor-widget-divider--view-line .elementor-divider-separator,.elementor-widget-divider--separator-type-pattern:not(.elementor-widget-divider--view-line) .elementor-divider-separator:after,.elementor-widget-divider--separator-type-pattern:not(.elementor-widget-divider--view-line) .elementor-divider-separator:before,.elementor-widget-divider--separator-type-pattern:not([class*=elementor-widget-divider--view]) .elementor-divider-separator{width:100%;min-height:var(--divider-pattern-height);-webkit-mask-size:var(--divider-pattern-size) 100%;mask-size:var(--divider-pattern-size) 100%;-webkit-mask-repeat:var(--divider-pattern-repeat);mask-repeat:var(--divider-pattern-repeat);background-color:var(--divider-color);-webkit-mask-image:var(--divider-pattern-url);mask-image:var(--divider-pattern-url)}.elementor-widget-divider--no-spacing{--divider-pattern-size:auto}.elementor-widget-divider--bg-round{--divider-pattern-repeat:round}.rtl .elementor-widget-divider .elementor-divider__text{direction:rtl}.e-con-inner>.elementor-widget-divider,.e-con>.elementor-widget-divider{width:var(--container-widget-width,100%);--flex-grow:var(--container-widget-flex-grow)}<\/style>\t\t<div class=\"elementor-divider\">\n\t\t\t<span class=\"elementor-divider-separator\">\n\t\t\t\t\t\t<\/span>\n\t\t<\/div>\n\t\t\t\t<\/div>\n\t\t\t\t<\/div>\n\t\t\t\t<div class=\"elementor-element elementor-element-9f602ee elementor-grid-3 elementor-grid-tablet-2 elementor-grid-mobile-1 elementor-posts--thumbnail-top elementor-widget elementor-widget-posts\" data-id=\"9f602ee\" data-element_type=\"widget\" data-settings=\"{&quot;classic_columns&quot;:&quot;3&quot;,&quot;classic_columns_tablet&quot;:&quot;2&quot;,&quot;classic_columns_mobile&quot;:&quot;1&quot;,&quot;classic_row_gap&quot;:{&quot;unit&quot;:&quot;px&quot;,&quot;size&quot;:35,&quot;sizes&quot;:[]},&quot;classic_row_gap_tablet&quot;:{&quot;unit&quot;:&quot;px&quot;,&quot;size&quot;:&quot;&quot;,&quot;sizes&quot;:[]},&quot;classic_row_gap_mobile&quot;:{&quot;unit&quot;:&quot;px&quot;,&quot;size&quot;:&quot;&quot;,&quot;sizes&quot;:[]}}\" data-widget_type=\"posts.classic\">\n\t\t\t\t<div class=\"elementor-widget-container\">\n\t\t\t<link rel=\"stylesheet\" href=\"https:\/\/capeki.fr\/wp-content\/plugins\/elementor-pro\/assets\/css\/widget-posts.min.css?ver=1723053750\">\t\t<div class=\"elementor-posts-container elementor-posts elementor-posts--skin-classic elementor-grid\">\n\t\t\t\t<article class=\"elementor-post elementor-grid-item post-1026 post type-post status-publish format-standard has-post-thumbnail hentry category-demarrage\">\n\t\t\t\t<a class=\"elementor-post__thumbnail__link\" href=\"https:\/\/capeki.fr\/index.php\/2025\/08\/05\/ezbip\/\" tabindex=\"-1\" >\n\t\t\t<div class=\"elementor-post__thumbnail\"><img fetchpriority=\"high\" decoding=\"async\" width=\"230\" height=\"300\" src=\"https:\/\/capeki.fr\/wp-content\/uploads\/2025\/08\/Zebra-TC21-main-EZBIP-sans-fond-tronquee-230x300.png\" class=\"attachment-medium size-medium wp-image-904\" alt=\"EZBIP\" srcset=\"https:\/\/capeki.fr\/wp-content\/uploads\/2025\/08\/Zebra-TC21-main-EZBIP-sans-fond-tronquee-230x300.png 230w, https:\/\/capeki.fr\/wp-content\/uploads\/2025\/08\/Zebra-TC21-main-EZBIP-sans-fond-tronquee-785x1024.png 785w, https:\/\/capeki.fr\/wp-content\/uploads\/2025\/08\/Zebra-TC21-main-EZBIP-sans-fond-tronquee-768x1002.png 768w, https:\/\/capeki.fr\/wp-content\/uploads\/2025\/08\/Zebra-TC21-main-EZBIP-sans-fond-tronquee.png 900w\" sizes=\"(max-width: 230px) 100vw, 230px\" \/><\/div>\n\t\t<\/a>\n\t\t\t\t<div class=\"elementor-post__text\">\n\t\t\t\t<h3 class=\"elementor-post__title\">\n\t\t\t<a href=\"https:\/\/capeki.fr\/index.php\/2025\/08\/05\/ezbip\/\" >\n\t\t\t\tEZBIP\t\t\t<\/a>\n\t\t<\/h3>\n\t\t\t\t<div class=\"elementor-post__meta-data\">\n\t\t\t\t\t<span class=\"elementor-post-date\">\n\t\t\t5 ao\u00fbt 2025\t\t<\/span>\n\t\t\t\t<span class=\"elementor-post-avatar\">\n\t\t\tAucun commentaire\t\t<\/span>\n\t\t\t\t<\/div>\n\t\t\t\t<div class=\"elementor-post__excerpt\">\n\t\t\t<p>C&rsquo;est l&rsquo;heure ! Depuis 2004 (oui, \u00e7a fait bien 21 ans !) nous d\u00e9veloppons un syst\u00e8me de mobilit\u00e9 pour EBP. Apr\u00e8s le passage de la<\/p>\n\t\t<\/div>\n\t\t\n\t\t<a class=\"elementor-post__read-more\" href=\"https:\/\/capeki.fr\/index.php\/2025\/08\/05\/ezbip\/\" aria-label=\"En savoir plus sur EZBIP\" tabindex=\"-1\" >\n\t\t\tLire la suite \u00bb\t\t<\/a>\n\n\t\t\t\t<\/div>\n\t\t\t\t<\/article>\n\t\t\t\t<article class=\"elementor-post elementor-grid-item post-774 post type-post status-publish format-standard has-post-thumbnail hentry category-non-classe\">\n\t\t\t\t<a class=\"elementor-post__thumbnail__link\" href=\"https:\/\/capeki.fr\/index.php\/2024\/08\/08\/debut-des-jo\/\" tabindex=\"-1\" >\n\t\t\t<div class=\"elementor-post__thumbnail\"><img decoding=\"async\" width=\"300\" height=\"184\" src=\"https:\/\/capeki.fr\/wp-content\/uploads\/2024\/08\/Jeux-olympiques-medailles-300x184.jpeg\" class=\"attachment-medium size-medium wp-image-779\" alt=\"\" srcset=\"https:\/\/capeki.fr\/wp-content\/uploads\/2024\/08\/Jeux-olympiques-medailles-300x184.jpeg 300w, https:\/\/capeki.fr\/wp-content\/uploads\/2024\/08\/Jeux-olympiques-medailles.jpeg 310w\" sizes=\"(max-width: 300px) 100vw, 300px\" \/><\/div>\n\t\t<\/a>\n\t\t\t\t<div class=\"elementor-post__text\">\n\t\t\t\t<h3 class=\"elementor-post__title\">\n\t\t\t<a href=\"https:\/\/capeki.fr\/index.php\/2024\/08\/08\/debut-des-jo\/\" >\n\t\t\t\tD\u00e9but des JO !\t\t\t<\/a>\n\t\t<\/h3>\n\t\t\t\t<div class=\"elementor-post__meta-data\">\n\t\t\t\t\t<span class=\"elementor-post-date\">\n\t\t\t8 ao\u00fbt 2024\t\t<\/span>\n\t\t\t\t<span class=\"elementor-post-avatar\">\n\t\t\tAucun commentaire\t\t<\/span>\n\t\t\t\t<\/div>\n\t\t\t\t<div class=\"elementor-post__excerpt\">\n\t\t\t<p>Pour f\u00eater le nouveau site web de CapEki pendant les JO, CapEki lance le 8 ao\u00fbt 2024 les Journ\u00e9es Opportunit\u00e9s CapEki\u00a0avec 3 r\u00e9compenses : M\u00e9daille<\/p>\n\t\t<\/div>\n\t\t\n\t\t<a class=\"elementor-post__read-more\" href=\"https:\/\/capeki.fr\/index.php\/2024\/08\/08\/debut-des-jo\/\" aria-label=\"En savoir plus sur D\u00e9but des JO !\" tabindex=\"-1\" >\n\t\t\tLire la suite \u00bb\t\t<\/a>\n\n\t\t\t\t<\/div>\n\t\t\t\t<\/article>\n\t\t\t\t<article class=\"elementor-post elementor-grid-item post-293 post type-post status-publish format-standard has-post-thumbnail hentry category-demarrage\">\n\t\t\t\t<a class=\"elementor-post__thumbnail__link\" href=\"https:\/\/capeki.fr\/index.php\/2024\/08\/03\/vers-linfini-et-au-dela\/\" tabindex=\"-1\" >\n\t\t\t<div class=\"elementor-post__thumbnail\"><img decoding=\"async\" width=\"300\" height=\"121\" src=\"https:\/\/capeki.fr\/wp-content\/uploads\/2024\/08\/Vers-linfini-et-au-dela-300x121.png\" class=\"attachment-medium size-medium wp-image-294\" alt=\"\" srcset=\"https:\/\/capeki.fr\/wp-content\/uploads\/2024\/08\/Vers-linfini-et-au-dela-300x121.png 300w, https:\/\/capeki.fr\/wp-content\/uploads\/2024\/08\/Vers-linfini-et-au-dela.png 760w\" sizes=\"(max-width: 300px) 100vw, 300px\" \/><\/div>\n\t\t<\/a>\n\t\t\t\t<div class=\"elementor-post__text\">\n\t\t\t\t<h3 class=\"elementor-post__title\">\n\t\t\t<a href=\"https:\/\/capeki.fr\/index.php\/2024\/08\/03\/vers-linfini-et-au-dela\/\" >\n\t\t\t\tVers l&rsquo;infini et au-del\u00e0 !&#8230;\t\t\t<\/a>\n\t\t<\/h3>\n\t\t\t\t<div class=\"elementor-post__meta-data\">\n\t\t\t\t\t<span class=\"elementor-post-date\">\n\t\t\t3 ao\u00fbt 2024\t\t<\/span>\n\t\t\t\t<span class=\"elementor-post-avatar\">\n\t\t\tAucun commentaire\t\t<\/span>\n\t\t\t\t<\/div>\n\t\t\t\t<div class=\"elementor-post__excerpt\">\n\t\t\t<p>Premier mois : \u2713 Check ! Nos talents, ce sont nos clients.<\/p>\n\t\t<\/div>\n\t\t\n\t\t<a class=\"elementor-post__read-more\" href=\"https:\/\/capeki.fr\/index.php\/2024\/08\/03\/vers-linfini-et-au-dela\/\" aria-label=\"En savoir plus sur Vers l&rsquo;infini et au-del\u00e0 !&#8230;\" tabindex=\"-1\" >\n\t\t\tLire la suite \u00bb\t\t<\/a>\n\n\t\t\t\t<\/div>\n\t\t\t\t<\/article>\n\t\t\t\t<article class=\"elementor-post elementor-grid-item post-1 post type-post status-publish format-standard has-post-thumbnail hentry category-demarrage\">\n\t\t\t\t<a class=\"elementor-post__thumbnail__link\" href=\"https:\/\/capeki.fr\/index.php\/2024\/06\/01\/ouverture-imminente\/\" tabindex=\"-1\" >\n\t\t\t<div class=\"elementor-post__thumbnail\"><img loading=\"lazy\" decoding=\"async\" width=\"300\" height=\"158\" src=\"https:\/\/capeki.fr\/wp-content\/uploads\/2024\/06\/CapEki-lancement-fusee-bandeau-4-300x158.png\" class=\"attachment-medium size-medium wp-image-121\" alt=\"\" srcset=\"https:\/\/capeki.fr\/wp-content\/uploads\/2024\/06\/CapEki-lancement-fusee-bandeau-4-300x158.png 300w, https:\/\/capeki.fr\/wp-content\/uploads\/2024\/06\/CapEki-lancement-fusee-bandeau-4-1024x538.png 1024w, https:\/\/capeki.fr\/wp-content\/uploads\/2024\/06\/CapEki-lancement-fusee-bandeau-4-768x403.png 768w, https:\/\/capeki.fr\/wp-content\/uploads\/2024\/06\/CapEki-lancement-fusee-bandeau-4.png 1200w\" sizes=\"(max-width: 300px) 100vw, 300px\" \/><\/div>\n\t\t<\/a>\n\t\t\t\t<div class=\"elementor-post__text\">\n\t\t\t\t<h3 class=\"elementor-post__title\">\n\t\t\t<a href=\"https:\/\/capeki.fr\/index.php\/2024\/06\/01\/ouverture-imminente\/\" >\n\t\t\t\tC&rsquo;est parti\u00a0!\t\t\t<\/a>\n\t\t<\/h3>\n\t\t\t\t<div class=\"elementor-post__meta-data\">\n\t\t\t\t\t<span class=\"elementor-post-date\">\n\t\t\t1 juin 2024\t\t<\/span>\n\t\t\t\t<span class=\"elementor-post-avatar\">\n\t\t\tUn commentaire\t\t<\/span>\n\t\t\t\t<\/div>\n\t\t\t\t<div class=\"elementor-post__excerpt\">\n\t\t\t<p>Le lancement de CapEki s&rsquo;est d\u00e9roul\u00e9 comme pr\u00e9vu le 1er juin \u00e0 00h00. Nous sommes connect\u00e9s par t\u00e9l\u00e9phone au 06 78 50 18 74 et<\/p>\n\t\t<\/div>\n\t\t\n\t\t<a class=\"elementor-post__read-more\" href=\"https:\/\/capeki.fr\/index.php\/2024\/06\/01\/ouverture-imminente\/\" aria-label=\"En savoir plus sur C&rsquo;est parti\u00a0!\" tabindex=\"-1\" >\n\t\t\tLire la suite \u00bb\t\t<\/a>\n\n\t\t\t\t<\/div>\n\t\t\t\t<\/article>\n\t\t\t\t<article class=\"elementor-post elementor-grid-item post-123 post type-post status-publish format-standard has-post-thumbnail hentry category-demarrage\">\n\t\t\t\t<a class=\"elementor-post__thumbnail__link\" href=\"https:\/\/capeki.fr\/index.php\/2024\/04\/13\/preparation-du-lancement\/\" tabindex=\"-1\" >\n\t\t\t<div class=\"elementor-post__thumbnail\"><img loading=\"lazy\" decoding=\"async\" width=\"300\" height=\"158\" src=\"https:\/\/capeki.fr\/wp-content\/uploads\/2024\/04\/Controle-300x158.jpg\" class=\"attachment-medium size-medium wp-image-127\" alt=\"\" srcset=\"https:\/\/capeki.fr\/wp-content\/uploads\/2024\/04\/Controle-300x158.jpg 300w, https:\/\/capeki.fr\/wp-content\/uploads\/2024\/04\/Controle-1024x538.jpg 1024w, https:\/\/capeki.fr\/wp-content\/uploads\/2024\/04\/Controle-768x403.jpg 768w, https:\/\/capeki.fr\/wp-content\/uploads\/2024\/04\/Controle.jpg 1200w\" sizes=\"(max-width: 300px) 100vw, 300px\" \/><\/div>\n\t\t<\/a>\n\t\t\t\t<div class=\"elementor-post__text\">\n\t\t\t\t<h3 class=\"elementor-post__title\">\n\t\t\t<a href=\"https:\/\/capeki.fr\/index.php\/2024\/04\/13\/preparation-du-lancement\/\" >\n\t\t\t\tPr\u00e9paration du lancement\t\t\t<\/a>\n\t\t<\/h3>\n\t\t\t\t<div class=\"elementor-post__meta-data\">\n\t\t\t\t\t<span class=\"elementor-post-date\">\n\t\t\t13 avril 2024\t\t<\/span>\n\t\t\t\t<span class=\"elementor-post-avatar\">\n\t\t\tAucun commentaire\t\t<\/span>\n\t\t\t\t<\/div>\n\t\t\t\t<div class=\"elementor-post__excerpt\">\n\t\t\t<p>Lancement pr\u00e9vu le 1er juin \u00e0 00h00 !<\/p>\n\t\t<\/div>\n\t\t\n\t\t<a class=\"elementor-post__read-more\" href=\"https:\/\/capeki.fr\/index.php\/2024\/04\/13\/preparation-du-lancement\/\" aria-label=\"En savoir plus sur Pr\u00e9paration du lancement\" tabindex=\"-1\" >\n\t\t\tLire la suite \u00bb\t\t<\/a>\n\n\t\t\t\t<\/div>\n\t\t\t\t<\/article>\n\t\t\t\t<\/div>\n\t\t\n\t\t\t\t<\/div>\n\t\t\t\t<\/div>\n\t\t\t\t\t<\/div>\n\t\t\t\t<\/div>\n\t\t\t\t<\/div>\n\t\t","protected":false},"excerpt":{"rendered":"","protected":false},"author":1,"featured_media":0,"parent":0,"menu_order":0,"comment_status":"closed","ping_status":"closed","template":"elementor_header_footer","meta":{"footnotes":""},"class_list":["post-646","page","type-page","status-publish","hentry"],"_links":{"self":[{"href":"https:\/\/capeki.fr\/index.php\/wp-json\/wp\/v2\/pages\/646","targetHints":{"allow":["GET"]}}],"collection":[{"href":"https:\/\/capeki.fr\/index.php\/wp-json\/wp\/v2\/pages"}],"about":[{"href":"https:\/\/capeki.fr\/index.php\/wp-json\/wp\/v2\/types\/page"}],"author":[{"embeddable":true,"href":"https:\/\/capeki.fr\/index.php\/wp-json\/wp\/v2\/users\/1"}],"replies":[{"embeddable":true,"href":"https:\/\/capeki.fr\/index.php\/wp-json\/wp\/v2\/comments?post=646"}],"version-history":[{"count":10,"href":"https:\/\/capeki.fr\/index.php\/wp-json\/wp\/v2\/pages\/646\/revisions"}],"predecessor-version":[{"id":1025,"href":"https:\/\/capeki.fr\/index.php\/wp-json\/wp\/v2\/pages\/646\/revisions\/1025"}],"wp:attachment":[{"href":"https:\/\/capeki.fr\/index.php\/wp-json\/wp\/v2\/media?parent=646"}],"curies":[{"name":"wp","href":"https:\/\/api.w.org\/{rel}","templated":true}]}}